{"id":7,"date":"2022-12-16T18:08:36","date_gmt":"2022-12-16T17:08:36","guid":{"rendered":"https:\/\/tlumaczenia-jezyk-niemiecki-legnica.pl\/?page_id=7"},"modified":"2022-12-20T12:10:35","modified_gmt":"2022-12-20T11:10:35","slug":"tlumaczenia","status":"publish","type":"page","link":"https:\/\/tlumaczenia-jezyk-niemiecki-legnica.pl\/?page_id=7","title":{"rendered":"T\u0142umaczenia"},"content":{"rendered":"\n<h4 class=\"has-medium-font-size wp-block-heading\"><strong>T\u0141UMACZENIA PISEMNE PRZYSI\u0118G\u0141E (UWIERZYTELNIONE)<\/strong><\/h4>\n\n\n\n<ul class=\"wp-block-list\" style=\"font-style:normal;font-weight:300\">\n<li>dokumenty samochodowe<\/li>\n\n\n\n<li>pisma i dokumenty urz\u0119dowe<\/li>\n\n\n\n<li>akty USC<\/li>\n\n\n\n<li>\u015bwiadectwa i dyplomy szkolne<\/li>\n\n\n\n<li>dokumenty ubezpieczeniowe<\/li>\n\n\n\n<li>dokumenty zwi\u0105zane z rejestracj\u0105 i prowadzeniem dzia\u0142alno\u015bci<\/li>\n\n\n\n<li>dokumenty s\u0105dowe<\/li>\n\n\n\n<li>za\u015bwiadczenia<\/li>\n\n\n\n<li>akty notarialne<\/li>\n\n\n\n<li>pe\u0142nomocnictwa<\/li>\n\n\n\n<li>dokumenty finansowe itp.<\/li>\n<\/ul>\n\n\n\n<p class=\"has-medium-font-size\" style=\"font-style:normal;font-weight:300\"><strong>T\u0141UMACZENIA ZWYK\u0141E<\/strong><\/p>\n\n\n\n<ul class=\"wp-block-list\">\n<li>umowy<\/li>\n\n\n\n<li>\u017cyciorysy<\/li>\n\n\n\n<li>listy motywacyjne<\/li>\n\n\n\n<li>korespondencja prywatna<\/li>\n\n\n\n<li>inne<\/li>\n<\/ul>\n","protected":false},"excerpt":{"rendered":"<p>T\u0141UMACZENIA PISEMNE PRZYSI\u0118G\u0141E (UWIERZYTELNIONE) T\u0141UMACZENIA ZWYK\u0141E<\/p>\n","protected":false},"author":1,"featured_media":124,"parent":0,"menu_order":0,"comment_status":"closed","ping_status":"closed","template":"","meta":{"footnotes":""},"class_list":["post-7","page","type-page","status-publish","has-post-thumbnail","hentry"],"_links":{"self":[{"href":"https:\/\/tlumaczenia-jezyk-niemiecki-legnica.pl\/index.php?rest_route=\/wp\/v2\/pages\/7","targetHints":{"allow":["GET"]}}],"collection":[{"href":"https:\/\/tlumaczenia-jezyk-niemiecki-legnica.pl\/index.php?rest_route=\/wp\/v2\/pages"}],"about":[{"href":"https:\/\/tlumaczenia-jezyk-niemiecki-legnica.pl\/index.php?rest_route=\/wp\/v2\/types\/page"}],"author":[{"embeddable":true,"href":"https:\/\/tlumaczenia-jezyk-niemiecki-legnica.pl\/index.php?rest_route=\/wp\/v2\/users\/1"}],"replies":[{"embeddable":true,"href":"https:\/\/tlumaczenia-jezyk-niemiecki-legnica.pl\/index.php?rest_route=%2Fwp%2Fv2%2Fcomments&post=7"}],"version-history":[{"count":7,"href":"https:\/\/tlumaczenia-jezyk-niemiecki-legnica.pl\/index.php?rest_route=\/wp\/v2\/pages\/7\/revisions"}],"predecessor-version":[{"id":103,"href":"https:\/\/tlumaczenia-jezyk-niemiecki-legnica.pl\/index.php?rest_route=\/wp\/v2\/pages\/7\/revisions\/103"}],"wp:featuredmedia":[{"embeddable":true,"href":"https:\/\/tlumaczenia-jezyk-niemiecki-legnica.pl\/index.php?rest_route=\/wp\/v2\/media\/124"}],"wp:attachment":[{"href":"https:\/\/tlumaczenia-jezyk-niemiecki-legnica.pl\/index.php?rest_route=%2Fwp%2Fv2%2Fmedia&parent=7"}],"curies":[{"name":"wp","href":"https:\/\/api.w.org\/{rel}","templated":true}]}}