{"id":3,"date":"2022-12-16T17:28:56","date_gmt":"2022-12-16T16:28:56","guid":{"rendered":"http:\/\/tlumaczenia-jezyk-niemiecki-legnica.pl\/?page_id=3"},"modified":"2022-12-18T15:50:33","modified_gmt":"2022-12-18T14:50:33","slug":"polityka-prywatnosci","status":"publish","type":"page","link":"https:\/\/tlumaczenia-jezyk-niemiecki-legnica.pl\/?page_id=3","title":{"rendered":"Polityka prywatno\u015bci"},"content":{"rendered":"\n<h4 class=\"wp-block-heading\">Czym s\u0105 pliki &#8220;cookies&#8221;?<\/h4>\n\n\n\n<p style=\"font-size:19px\">Pliki cookies (tzw. ciasteczka) s\u0142u\u017c\u0105 do przechowywania danych informatycznych, najcz\u0119\u015bciej w formie plik\u00f3w tekstowych, w urz\u0105dzeniu ko\u0144cowym u\u017cytkownika (np. komputerze, laptopie, smartfonie). Cookies zazwyczaj zawieraj\u0105 nazw\u0119 strony internetowej z kt\u00f3rej pochodz\u0105, czas przechowywania ich na urz\u0105dzeniu ko\u0144cowym oraz unikalny numer.<\/p>\n\n\n\n<h4 class=\"wp-block-heading\">Rodzaje u\u017cywanych plik\u00f3w &#8220;cookies&#8221;<\/h4>\n\n\n\n<p><strong>Sesyjne pliki cookies<\/strong><br>S\u0142u\u017c\u0105 do zapami\u0119tania wybor\u00f3w dokonanych przez u\u017cytkownika oraz m.in. przy logowaniu. Pozostaj\u0105 na urz\u0105dzeniu u\u017cytkownika do czasu wylogowania z serwisu lub zamkni\u0119cia przegl\u0105darki.<\/p>\n\n\n\n<p><strong>Pliki cookies s\u0142u\u017c\u0105ce do analiz<\/strong><br>Pliki cookies pozwalaj\u0105ce zbiera\u0107 dane zwi\u0105zane ze sposobem korzystania z witryny internetowej, w tym tre\u015bci klikane przez u\u017cytkownika podczas przegl\u0105dania witryny.<\/p>\n\n\n\n<h4 class=\"wp-block-heading\">Wykorzystywanie plik\u00f3w &#8220;cookies&#8221;<\/h4>\n\n\n\n<p>Pliki cookies u\u017cywane s\u0105 w celu zapisywania ustawie\u0144 i dostosowania zawarto\u015bci stron internetowych do preferencji u\u017cytkownika. U\u017cywane s\u0105 r\u00f3wnie\u017c do tworzenia anonimowych statystyk, kt\u00f3re pomagaj\u0105 pozna\u0107, w jaki spos\u00f3b u\u017cytkownicy korzystaj\u0105 ze stron internetowych. Umo\u017cliwia to poprawianie ich struktury i zawarto\u015bci. Pliki cookies nie s\u0142u\u017c\u0105 identyfikacji u\u017cytkownika i na ich podstawie nie jest ustalana to\u017csamo\u015b\u0107 u\u017cytkownika.<\/p>\n\n\n\n<h4 class=\"wp-block-heading\">Usuwanie plik\u00f3w &#8220;cookies&#8221;<\/h4>\n\n\n\n<p>Spos\u00f3b blokowania lub kasowania plik\u00f3w cookies r\u00f3\u017cni si\u0119 w zale\u017cno\u015bci od u\u017cywanej przegl\u0105daki internetowej. Wi\u0119cej informacji na temat zarz\u0105dzania plikami cookies mo\u017cna uzyska\u0107, korzystajac z poni\u017cszych odno\u015bnik\u00f3w:<\/p>\n\n\n\n<ul class=\"wp-block-list\">\n<li><a href=\"http:\/\/windows.microsoft.com\/en-GB\/windows7\/How-to-manage-cookies-in-Internet-Explorer-9\" rel=\"noreferrer noopener\" target=\"_blank\">Internet Explorer<\/a><\/li>\n\n\n\n<li><a href=\"http:\/\/support.mozilla.org\/pl\/products\/firefox\/cookies\" rel=\"noreferrer noopener\" target=\"_blank\">Mozilla Firefox<\/a><\/li>\n\n\n\n<li><a href=\"http:\/\/support.google.com\/chrome\/bin\/answer.py?hl=pl&amp;answer=95647\" rel=\"noreferrer noopener\" target=\"_blank\">Google Chrome<\/a><\/li>\n\n\n\n<li><a href=\"http:\/\/help.opera.com\/Linux\/9.22\/pl\/cookies.html\" rel=\"noreferrer noopener\" target=\"_blank\">Opera<\/a><\/li>\n<\/ul>\n","protected":false},"excerpt":{"rendered":"<p>Czym s\u0105 pliki &#8220;cookies&#8221;? Pliki cookies (tzw. ciasteczka) s\u0142u\u017c\u0105 do przechowywania danych informatycznych, najcz\u0119\u015bciej w formie plik\u00f3w tekstowych, w urz\u0105dzeniu ko\u0144cowym u\u017cytkownika (np. komputerze, laptopie, smartfonie). Cookies zazwyczaj zawieraj\u0105 nazw\u0119 &hellip; <\/p>\n","protected":false},"author":1,"featured_media":0,"parent":0,"menu_order":0,"comment_status":"closed","ping_status":"open","template":"","meta":{"footnotes":""},"class_list":["post-3","page","type-page","status-publish","hentry"],"_links":{"self":[{"href":"https:\/\/tlumaczenia-jezyk-niemiecki-legnica.pl\/index.php?rest_route=\/wp\/v2\/pages\/3","targetHints":{"allow":["GET"]}}],"collection":[{"href":"https:\/\/tlumaczenia-jezyk-niemiecki-legnica.pl\/index.php?rest_route=\/wp\/v2\/pages"}],"about":[{"href":"https:\/\/tlumaczenia-jezyk-niemiecki-legnica.pl\/index.php?rest_route=\/wp\/v2\/types\/page"}],"author":[{"embeddable":true,"href":"https:\/\/tlumaczenia-jezyk-niemiecki-legnica.pl\/index.php?rest_route=\/wp\/v2\/users\/1"}],"replies":[{"embeddable":true,"href":"https:\/\/tlumaczenia-jezyk-niemiecki-legnica.pl\/index.php?rest_route=%2Fwp%2Fv2%2Fcomments&post=3"}],"version-history":[{"count":2,"href":"https:\/\/tlumaczenia-jezyk-niemiecki-legnica.pl\/index.php?rest_route=\/wp\/v2\/pages\/3\/revisions"}],"predecessor-version":[{"id":100,"href":"https:\/\/tlumaczenia-jezyk-niemiecki-legnica.pl\/index.php?rest_route=\/wp\/v2\/pages\/3\/revisions\/100"}],"wp:attachment":[{"href":"https:\/\/tlumaczenia-jezyk-niemiecki-legnica.pl\/index.php?rest_route=%2Fwp%2Fv2%2Fmedia&parent=3"}],"curies":[{"name":"wp","href":"https:\/\/api.w.org\/{rel}","templated":true}]}}