{"id":2,"date":"2022-12-16T17:28:56","date_gmt":"2022-12-16T16:28:56","guid":{"rendered":"http:\/\/tlumaczenia-jezyk-niemiecki-legnica.pl\/?page_id=2"},"modified":"2022-12-24T19:45:25","modified_gmt":"2022-12-24T18:45:25","slug":"przykladowa-strona","status":"publish","type":"page","link":"https:\/\/tlumaczenia-jezyk-niemiecki-legnica.pl\/","title":{"rendered":"O mnie"},"content":{"rendered":"\n<p>Jestem T\u0142umaczem Przysi\u0119g\u0142ym j\u0119zyka niemieckiego od 1997 r. wpisanym przez Ministra Sprawiedliwo\u015bci na List\u0119 T\u0142umaczy Przysi\u0119g\u0142ych pod numerem TP\/1636\/05.<br>Specjalizuj\u0119 si\u0119 w t\u0142umaczeniu dokument\u00f3w urz\u0119dowych, jak r\u00f3wnie\u017c wykonuj\u0119 t\u0142umaczenia zwyk\u0142e i techniczne dla klient\u00f3w indywidualnych i instytucjonalnych z kraju i zagranicy.<br>Oferuj\u0119 tak\u017ce pomoc w przeprowadzaniu rozm\u00f3w telefonicznych w j\u0119zyku niemieckim.&nbsp;<br>Gwarantuj\u0119 solidno\u015b\u0107, terminowo\u015b\u0107, pe\u0142n\u0105 dyskrecj\u0119 i konkurencyjne ceny. Korzystaj\u0105c z us\u0142ugi bezpo\u015bredniej u mnie zaoszcz\u0119dz\u0105 Pa\u0144stwo na kosztach po\u015brednictwa biura t\u0142umacze\u0144.<br>Zlecenia przyjmuj\u0119 codziennie osobi\u015bcie, najlepiej po uprzednim kontakcie telefonicznym lub za po\u015brednictwem internetu.<\/p>\n","protected":false},"excerpt":{"rendered":"<p>Jestem T\u0142umaczem Przysi\u0119g\u0142ym j\u0119zyka niemieckiego od 1997 r. wpisanym przez Ministra Sprawiedliwo\u015bci na List\u0119 T\u0142umaczy Przysi\u0119g\u0142ych pod numerem TP\/1636\/05.Specjalizuj\u0119 si\u0119 w t\u0142umaczeniu dokument\u00f3w urz\u0119dowych, jak r\u00f3wnie\u017c wykonuj\u0119 t\u0142umaczenia zwyk\u0142e i &hellip; <\/p>\n","protected":false},"author":1,"featured_media":0,"parent":0,"menu_order":0,"comment_status":"closed","ping_status":"open","template":"","meta":{"footnotes":""},"class_list":["post-2","page","type-page","status-publish","hentry"],"_links":{"self":[{"href":"https:\/\/tlumaczenia-jezyk-niemiecki-legnica.pl\/index.php?rest_route=\/wp\/v2\/pages\/2","targetHints":{"allow":["GET"]}}],"collection":[{"href":"https:\/\/tlumaczenia-jezyk-niemiecki-legnica.pl\/index.php?rest_route=\/wp\/v2\/pages"}],"about":[{"href":"https:\/\/tlumaczenia-jezyk-niemiecki-legnica.pl\/index.php?rest_route=\/wp\/v2\/types\/page"}],"author":[{"embeddable":true,"href":"https:\/\/tlumaczenia-jezyk-niemiecki-legnica.pl\/index.php?rest_route=\/wp\/v2\/users\/1"}],"replies":[{"embeddable":true,"href":"https:\/\/tlumaczenia-jezyk-niemiecki-legnica.pl\/index.php?rest_route=%2Fwp%2Fv2%2Fcomments&post=2"}],"version-history":[{"count":8,"href":"https:\/\/tlumaczenia-jezyk-niemiecki-legnica.pl\/index.php?rest_route=\/wp\/v2\/pages\/2\/revisions"}],"predecessor-version":[{"id":198,"href":"https:\/\/tlumaczenia-jezyk-niemiecki-legnica.pl\/index.php?rest_route=\/wp\/v2\/pages\/2\/revisions\/198"}],"wp:attachment":[{"href":"https:\/\/tlumaczenia-jezyk-niemiecki-legnica.pl\/index.php?rest_route=%2Fwp%2Fv2%2Fmedia&parent=2"}],"curies":[{"name":"wp","href":"https:\/\/api.w.org\/{rel}","templated":true}]}}