{"id":12,"date":"2022-12-16T18:10:02","date_gmt":"2022-12-16T17:10:02","guid":{"rendered":"https:\/\/tlumaczenia-jezyk-niemiecki-legnica.pl\/?page_id=12"},"modified":"2022-12-29T18:55:20","modified_gmt":"2022-12-29T17:55:20","slug":"kontakt","status":"publish","type":"page","link":"https:\/\/tlumaczenia-jezyk-niemiecki-legnica.pl\/?page_id=12","title":{"rendered":"Kontakt"},"content":{"rendered":"\n<p class=\"has-background\" style=\"background-color:#f8f9fc\"><strong>T\u0142umacz Przysi\u0119g\u0142y J\u0119zyka Niemieckiego<\/strong> <strong>mgr Bo\u017cena P\u0142otecka<\/strong>  <br>Adres biura: ul. Jowisza 7\/2, 59-220 Legnica<br><strong>&nbsp;tel.: 600&nbsp;076<\/strong> <strong>179<\/strong><br>&nbsp;e-mail: bozena.lektor@interia.pl<br>Filia: ul. Wojska Polskiego 21, 59-222 Mi\u0142kowice<\/p>\n","protected":false},"excerpt":{"rendered":"<p>T\u0142umacz Przysi\u0119g\u0142y J\u0119zyka Niemieckiego mgr Bo\u017cena P\u0142otecka Adres biura: ul. Jowisza 7\/2, 59-220 Legnica&nbsp;tel.: 600&nbsp;076 179&nbsp;e-mail: bozena.lektor@interia.plFilia: ul. Wojska Polskiego 21, 59-222 Mi\u0142kowice<\/p>\n","protected":false},"author":1,"featured_media":116,"parent":0,"menu_order":0,"comment_status":"closed","ping_status":"closed","template":"","meta":{"footnotes":""},"class_list":["post-12","page","type-page","status-publish","has-post-thumbnail","hentry"],"_links":{"self":[{"href":"https:\/\/tlumaczenia-jezyk-niemiecki-legnica.pl\/index.php?rest_route=\/wp\/v2\/pages\/12","targetHints":{"allow":["GET"]}}],"collection":[{"href":"https:\/\/tlumaczenia-jezyk-niemiecki-legnica.pl\/index.php?rest_route=\/wp\/v2\/pages"}],"about":[{"href":"https:\/\/tlumaczenia-jezyk-niemiecki-legnica.pl\/index.php?rest_route=\/wp\/v2\/types\/page"}],"author":[{"embeddable":true,"href":"https:\/\/tlumaczenia-jezyk-niemiecki-legnica.pl\/index.php?rest_route=\/wp\/v2\/users\/1"}],"replies":[{"embeddable":true,"href":"https:\/\/tlumaczenia-jezyk-niemiecki-legnica.pl\/index.php?rest_route=%2Fwp%2Fv2%2Fcomments&post=12"}],"version-history":[{"count":7,"href":"https:\/\/tlumaczenia-jezyk-niemiecki-legnica.pl\/index.php?rest_route=\/wp\/v2\/pages\/12\/revisions"}],"predecessor-version":[{"id":207,"href":"https:\/\/tlumaczenia-jezyk-niemiecki-legnica.pl\/index.php?rest_route=\/wp\/v2\/pages\/12\/revisions\/207"}],"wp:featuredmedia":[{"embeddable":true,"href":"https:\/\/tlumaczenia-jezyk-niemiecki-legnica.pl\/index.php?rest_route=\/wp\/v2\/media\/116"}],"wp:attachment":[{"href":"https:\/\/tlumaczenia-jezyk-niemiecki-legnica.pl\/index.php?rest_route=%2Fwp%2Fv2%2Fmedia&parent=12"}],"curies":[{"name":"wp","href":"https:\/\/api.w.org\/{rel}","templated":true}]}}